{"id":165,"date":"2015-02-28T12:14:34","date_gmt":"2015-02-28T11:14:34","guid":{"rendered":"http:\/\/www.virtual-hideout.de\/blog\/?page_id=165"},"modified":"2021-12-27T13:41:46","modified_gmt":"2021-12-27T12:41:46","slug":"die-wichtel-app","status":"publish","type":"page","link":"https:\/\/virtual-hideout.de\/blog\/apps\/die-wichtel-app\/","title":{"rendered":"Die Wichtel App"},"content":{"rendered":"<p>Wer kennt das nicht, das vorweihnachtliche Wichteln steht an, aber man findet keine gemeinsamen Termin f\u00fcr die Auslosung oder die Auslosung muss wieder und wieder wiederholt werden, weil sich nat\u00fcrlich Partner untereinander nicht bewichteln sollen.<\/p>\n<p>Hier schafft die Wichtel App Abhilfe: Im Handumdrehen k\u00f6nnen alle Teilnehmer angelegt und bei Bedarf mit passenden Farben versehen werden, und schon kann die Auswahl beginnen.<\/p>\n<p>Anschlie\u00dfen wird das Ger\u00e4t herumgereicht damit sich jeder seinen zuf\u00e4llig zugewiesenen Wichtel anschauen kann. Und alle, die nicht anwesend sein k\u00f6nnen, bekommen einfach per Klick eine Mail mit dem Namen ihres zu bewichtelnden Teilnehmers zugemailt.<\/p>\n<p>F\u00fcr sp\u00e4tere Nachfragen wird die letzte Auslosung gespeichert.<\/p>\n<hr \/>\n<h2>BEKANNTE PROBLEME<\/h2>\n<p><b>Probleme mit Mailversand (v.1.0.0)<\/b>:<br \/>\nNachtr\u00e4gliche \u00c4nderungen der Mailadressen wurden in der Version 1.0.0 nicht f\u00fcr bereits ausgeknobelte Wichtelpaarungen \u00fcbernommen &#8211; was auch immer der Oberentwicklerwichtel sich dabei gedacht haben mag. Bitte auf die Version 1.0.1 aktualisieren und f\u00fcr jeden Wichtel die E-Mail Adresse kontrollieren und dann &#8222;SPEICHERN&#8220;.<br \/>\nZus\u00e4tzlich sollten die Paarungen nach der Kontrolle der E-Mails neu ausgeknobelt werden.<\/p>\n<hr \/>\n<p><img loading=\"lazy\" decoding=\"async\" class=\"alignnone size-full wp-image-187\" style=\"border-radius: 5px; width: 38px; float: left;\" src=\"https:\/\/virtual-hideout.de\/blog\/wp-content\/uploads\/2015\/02\/icon-76.png\" alt=\"Die Wichtel App\" width=\"38\" height=\"38\" \/><a style=\"margin-left: 10px; line-height: 38px;\" title=\"Die Wichtel App auf iTunes\" href=\"https:\/\/itunes.apple.com\/DE\/app\/id939792184\" target=\"_blank\" rel=\"noopener\">Die Wichtel App auf iTunes<\/a><\/p>\n<p><img decoding=\"async\" src=\"https:\/\/chart.googleapis.com\/chart?cht=qr&amp;chl=https%3A%2F%2Fitunes.apple.com%2FDE%2Fapp%2Fid939792184&amp;chs=180x180&amp;choe=UTF-8&amp;chld=L|2\" alt=\"\" \/><\/p>\n<hr \/>\n","protected":false},"excerpt":{"rendered":"<p>Wer kennt das nicht, das vorweihnachtliche Wichteln steht an, aber man findet keine gemeinsamen Termin f\u00fcr die Auslosung oder die Auslosung muss wieder und wieder wiederholt werden, weil sich nat\u00fcrlich Partner untereinander nicht bewichteln sollen. Hier schafft die Wichtel App Abhilfe: Im Handumdrehen k\u00f6nnen alle Teilnehmer angelegt und bei Bedarf mit passenden Farben versehen werden, [&hellip;]<\/p>\n","protected":false},"author":1,"featured_media":0,"parent":163,"menu_order":0,"comment_status":"open","ping_status":"closed","template":"","meta":{"footnotes":""},"class_list":["post-165","page","type-page","status-publish","hentry"],"_links":{"self":[{"href":"https:\/\/virtual-hideout.de\/blog\/wp-json\/wp\/v2\/pages\/165","targetHints":{"allow":["GET"]}}],"collection":[{"href":"https:\/\/virtual-hideout.de\/blog\/wp-json\/wp\/v2\/pages"}],"about":[{"href":"https:\/\/virtual-hideout.de\/blog\/wp-json\/wp\/v2\/types\/page"}],"author":[{"embeddable":true,"href":"https:\/\/virtual-hideout.de\/blog\/wp-json\/wp\/v2\/users\/1"}],"replies":[{"embeddable":true,"href":"https:\/\/virtual-hideout.de\/blog\/wp-json\/wp\/v2\/comments?post=165"}],"version-history":[{"count":36,"href":"https:\/\/virtual-hideout.de\/blog\/wp-json\/wp\/v2\/pages\/165\/revisions"}],"predecessor-version":[{"id":451,"href":"https:\/\/virtual-hideout.de\/blog\/wp-json\/wp\/v2\/pages\/165\/revisions\/451"}],"up":[{"embeddable":true,"href":"https:\/\/virtual-hideout.de\/blog\/wp-json\/wp\/v2\/pages\/163"}],"wp:attachment":[{"href":"https:\/\/virtual-hideout.de\/blog\/wp-json\/wp\/v2\/media?parent=165"}],"curies":[{"name":"wp","href":"https:\/\/api.w.org\/{rel}","templated":true}]}}