{"id":169,"date":"2015-02-28T12:15:05","date_gmt":"2015-02-28T11:15:05","guid":{"rendered":"http:\/\/www.virtual-hideout.de\/blog\/?page_id=169"},"modified":"2021-12-27T13:42:11","modified_gmt":"2021-12-27T12:42:11","slug":"osnabrueck-tigers","status":"publish","type":"page","link":"https:\/\/virtual-hideout.de\/blog\/apps\/osnabrueck-tigers\/","title":{"rendered":"Osnabr\u00fcck Tigers"},"content":{"rendered":"<h2>Bleib informiert \u00fcber das American Football Team der Osnabr\u00fcck Tigers.<\/h2>\n<p>Die App bietet:<br \/>&#8211; aktuelle News von und \u00fcber die Tigers<br \/>&#8211; den Saisonspielplan und die aktuelle Tabelle<br \/>&#8211; wichtige Lokalit\u00e4ten wie Trainings- oder Spiel-Austragungsorte<br \/>&#8211; Kontaktformular f\u00fcr direktes Feedback und Anregungen<\/p>\n<hr \/>\n<p><img loading=\"lazy\" decoding=\"async\" class=\"alignnone size-full wp-image-187\" style=\"border-radius: 5px; width: 38px; float: left;\" src=\"https:\/\/virtual-hideout.de\/blog\/wp-content\/uploads\/2015\/02\/AppIcon76x76.png\" alt=\"icon-76\" width=\"38\" height=\"38\" \/><a style=\"margin-left: 10px; line-height: 38px;\" title=\"Osnabr\u00fcck Tigers\" href=\"https:\/\/itunes.apple.com\/DE\/app\/id965556780\" target=\"_blank\" rel=\"noopener\">Osnabr\u00fcck Tigers App auf iTunes<\/a><\/p>\n<p><img decoding=\"async\" src=\"https:\/\/chart.googleapis.com\/chart?cht=qr&amp;chl=https%3A%2F%2Fitunes.apple.com%2FDE%2Fapp%2Fid965556780&amp;chs=180x180&amp;choe=UTF-8&amp;chld=L|2\" alt=\"qr code\" \/><\/p>\n<hr \/>\n<p>\u00a0<\/p>\n\n\n<p><\/p>\n","protected":false},"excerpt":{"rendered":"<p>Bleib informiert \u00fcber das American Football Team der Osnabr\u00fcck Tigers. Die App bietet:&#8211; aktuelle News von und \u00fcber die Tigers&#8211; den Saisonspielplan und die aktuelle Tabelle&#8211; wichtige Lokalit\u00e4ten wie Trainings- oder Spiel-Austragungsorte&#8211; Kontaktformular f\u00fcr direktes Feedback und Anregungen Osnabr\u00fcck Tigers App auf iTunes \u00a0<\/p>\n","protected":false},"author":1,"featured_media":0,"parent":163,"menu_order":0,"comment_status":"open","ping_status":"closed","template":"","meta":{"footnotes":""},"class_list":["post-169","page","type-page","status-publish","hentry"],"_links":{"self":[{"href":"https:\/\/virtual-hideout.de\/blog\/wp-json\/wp\/v2\/pages\/169","targetHints":{"allow":["GET"]}}],"collection":[{"href":"https:\/\/virtual-hideout.de\/blog\/wp-json\/wp\/v2\/pages"}],"about":[{"href":"https:\/\/virtual-hideout.de\/blog\/wp-json\/wp\/v2\/types\/page"}],"author":[{"embeddable":true,"href":"https:\/\/virtual-hideout.de\/blog\/wp-json\/wp\/v2\/users\/1"}],"replies":[{"embeddable":true,"href":"https:\/\/virtual-hideout.de\/blog\/wp-json\/wp\/v2\/comments?post=169"}],"version-history":[{"count":10,"href":"https:\/\/virtual-hideout.de\/blog\/wp-json\/wp\/v2\/pages\/169\/revisions"}],"predecessor-version":[{"id":441,"href":"https:\/\/virtual-hideout.de\/blog\/wp-json\/wp\/v2\/pages\/169\/revisions\/441"}],"up":[{"embeddable":true,"href":"https:\/\/virtual-hideout.de\/blog\/wp-json\/wp\/v2\/pages\/163"}],"wp:attachment":[{"href":"https:\/\/virtual-hideout.de\/blog\/wp-json\/wp\/v2\/media?parent=169"}],"curies":[{"name":"wp","href":"https:\/\/api.w.org\/{rel}","templated":true}]}}